{"id":5349,"date":"2020-05-06T09:34:20","date_gmt":"2020-05-06T09:34:20","guid":{"rendered":"http:\/\/13.38.97.157\/registe-se\/"},"modified":"2025-07-31T16:25:04","modified_gmt":"2025-07-31T15:25:04","slug":"registe-se","status":"publish","type":"page","link":"https:\/\/yomeformoencasaconhp.es\/pt-pt\/registe-se\/","title":{"rendered":"Registe-se"},"content":{"rendered":"<p>[et_pb_section fb_built=&#8221;1&#8243; admin_label=&#8221;section&#8221; _builder_version=&#8221;4.27.4&#8243; custom_css_main_element=&#8221;min-height: 100vh;&#8221; sticky_enabled=&#8221;0&#8243; global_colors_info=&#8221;{%22gcid-primary-color%22:%91%22background_color_gradient_stops%22,%22background_color%22%93}&#8221; background_color=&#8221;#FFFFFF&#8221; background_color_gradient_direction=&#8221;111deg&#8221; background_enable_image=&#8221;off&#8221; background_blend=&#8221;overlay&#8221; custom_padding=&#8221;100px||||false|false&#8221; use_background_color_gradient=&#8221;on&#8221; background_color_gradient_stops=&#8221;#ffffff 60%|gcid-primary-color 60%&#8221; hover_enabled=&#8221;0&#8243;][et_pb_row make_equal=&#8221;on&#8221; custom_padding_last_edited=&#8221;on|tablet&#8221; admin_label=&#8221;linha&#8221; _builder_version=&#8221;4.27.4&#8243; background_color=&#8221;#ffffff&#8221; background_size=&#8221;initial&#8221; background_position=&#8221;top_left&#8221; background_repeat=&#8221;repeat&#8221; max_width=&#8221;500px&#8221; module_alignment=&#8221;center&#8221; custom_padding=&#8221;0px||85px|||&#8221; custom_padding_tablet=&#8221;0px||0px||false|false&#8221; custom_padding_phone=&#8221;&#8221; hover_enabled=&#8221;0&#8243; custom_css_main_element=&#8221;max-width: 500px;&#8221; global_colors_info=&#8221;{}&#8221; box_shadow_style=&#8221;preset1&#8243; box_shadow_color=&#8221;rgba(0,0,0,0.09)&#8221; sticky_enabled=&#8221;0&#8243;][et_pb_column type=&#8221;4_4&#8243; _builder_version=&#8221;4.16&#8243; custom_padding=&#8221;|||&#8221; global_colors_info=&#8221;{}&#8221; custom_padding__hover=&#8221;|||&#8221;][et_pb_image src=&#8221;https:\/\/yomeformoencasaconhp.es\/wp-content\/uploads\/2025\/07\/logo-hp-intel.svg&#8221; title_text=&#8221;logo-hp-intel&#8221; align=&#8221;center&#8221; _builder_version=&#8221;4.27.4&#8243; width=&#8221;200px&#8221; custom_margin=&#8221;||40px||false|false&#8221; custom_padding=&#8221;38px||||false|false&#8221; hover_enabled=&#8221;0&#8243; locked=&#8221;off&#8221; global_colors_info=&#8221;{}&#8221; sticky_enabled=&#8221;0&#8243;][\/et_pb_image][et_pb_text _builder_version=&#8221;4.18.0&#8243; background_enable_color=&#8221;off&#8221; background_size=&#8221;initial&#8221; background_position=&#8221;top_left&#8221; background_repeat=&#8221;repeat&#8221; custom_padding=&#8221;|30px||30px|false|true&#8221; global_colors_info=&#8221;{}&#8221;]\n<div class=\"um um-register um-8442\">\n\t<div class=\"um-form\" data-mode=\"register\">\n\t\t<form method=\"post\" action=\"\">\n\t\t\t<div class=\"um-row _um_row_1 \" style=\"margin: 0 0 30px 0;\"><div class=\"um-col-1\"><div  id=\"um_field_8442_user_login\" class=\"um-field um-field-text  um-field-user_login um-field-text um-field-type_text\" data-key=\"user_login\"><div class=\"um-field-label\"><label for=\"user_login-8442\">Nome de usu\u00e1rio<span class=\"um-req\" title=\"Required\">*<\/span><\/label><div class=\"um-clear\"><\/div><\/div><div class=\"um-field-area\"><input  autocomplete=\"off\" class=\"um-form-field valid \" type=\"text\" name=\"user_login-8442\" id=\"user_login-8442\" value=\"\" placeholder=\"\" data-validate=\"unique_username\" data-key=\"user_login\"  aria-invalid=\"false\" \/>\n\n\t\t\t\t\t\t<\/div><\/div><div  id=\"um_field_8442_first_name\" class=\"um-field um-field-text  um-field-first_name um-field-text um-field-type_text\" data-key=\"first_name\"><div class=\"um-field-label\"><label for=\"first_name-8442\">Nome<span class=\"um-req\" title=\"Required\">*<\/span><\/label><div class=\"um-clear\"><\/div><\/div><div class=\"um-field-area\"><input  autocomplete=\"off\" class=\"um-form-field valid \" type=\"text\" name=\"first_name-8442\" id=\"first_name-8442\" value=\"\" placeholder=\"\" data-validate=\"\" data-key=\"first_name\"  aria-invalid=\"false\" \/>\n\n\t\t\t\t\t\t<\/div><\/div><div  id=\"um_field_8442_last_name\" class=\"um-field um-field-text  um-field-last_name um-field-text um-field-type_text\" data-key=\"last_name\"><div class=\"um-field-label\"><label for=\"last_name-8442\">Apelido<span class=\"um-req\" title=\"Required\">*<\/span><\/label><div class=\"um-clear\"><\/div><\/div><div class=\"um-field-area\"><input  autocomplete=\"off\" class=\"um-form-field valid \" type=\"text\" name=\"last_name-8442\" id=\"last_name-8442\" value=\"\" placeholder=\"\" data-validate=\"\" data-key=\"last_name\"  aria-invalid=\"false\" \/>\n\n\t\t\t\t\t\t<\/div><\/div><div  id=\"um_field_8442_user_email\" class=\"um-field um-field-text  um-field-user_email um-field-text um-field-type_text\" data-key=\"user_email\"><div class=\"um-field-label\"><label for=\"user_email-8442\">Endere\u00e7o de correio eletr\u00f3nico profissional<span class=\"um-req\" title=\"Required\">*<\/span><\/label><span class=\"um-tip um-tip-w\" title=\"No est\u00e1n permitidos los registros con cuentas de @gmail, @outlook, @yahoo... Debes usar una cuenta profesional\"><i class=\"um-icon-help-circled\"><\/i><\/span><div class=\"um-clear\"><\/div><\/div><div class=\"um-field-area\"><input  autocomplete=\"off\" class=\"um-form-field valid \" type=\"text\" name=\"user_email-8442\" id=\"user_email-8442\" value=\"\" placeholder=\"\" data-validate=\"unique_email\" data-key=\"user_email\"  aria-invalid=\"false\" \/>\n\n\t\t\t\t\t\t<\/div><\/div><div  id=\"um_field_8442_company\" class=\"um-field um-field-text  um-field-company um-field-text um-field-type_text\" data-key=\"company\"><div class=\"um-field-label\"><label for=\"company-8442\">Empresa<span class=\"um-req\" title=\"Required\">*<\/span><\/label><div class=\"um-clear\"><\/div><\/div><div class=\"um-field-area\"><input  autocomplete=\"off\" class=\"um-form-field valid \" type=\"text\" name=\"company-8442\" id=\"company-8442\" value=\"\" placeholder=\"\" data-validate=\"\" data-key=\"company\"  aria-invalid=\"false\" \/>\n\n\t\t\t\t\t\t<\/div><\/div><div  id=\"um_field_8442_pais\" class=\"um-field um-field-select  um-field-pais um-field-select um-field-type_select\" data-key=\"pais\"><div class=\"um-field-label\"><label for=\"pais-8442\">Pa\u00eds<span class=\"um-req\" title=\"Required\">*<\/span><\/label><div class=\"um-clear\"><\/div><\/div><div class=\"um-field-area  \"><select data-default=\"\"     name=\"pais\" id=\"pais\" data-validate=\"\" data-key=\"pais\" class=\"um-form-field valid um-s1 \" style=\"width: 100%\" data-placeholder=\"Seleccione pa\u00eds\"   aria-invalid=\"false\" ><option value=\"\"><\/option><option value=\"Espa\u00f1a\" >Espa\u00f1a<\/option><option value=\"Portugal\" >Portugal<\/option><\/select><\/div><\/div><div  id=\"um_field_8442_user_password\" class=\"um-field um-field-password  um-field-user_password um-field-password um-field-type_password\" data-key=\"user_password\"><div class=\"um-field-label\"><label for=\"user_password-8442\">Palavra-passe<span class=\"um-req\" title=\"Required\">*<\/span><\/label><span class=\"um-tip um-tip-w\" title=\"A sua palavra-passe deve ter pelo menos 8 caracteres. E conter pelo menos uma letra min\u00fascula, uma letra mai\u00fascula e um n\u00famero.\"><i class=\"um-icon-help-circled\"><\/i><\/span><div class=\"um-clear\"><\/div><\/div><div class=\"um-field-area\"><input class=\"um-form-field valid \" type=\"password\" name=\"user_password-8442\" id=\"user_password-8442\" value=\"\" placeholder=\"\" data-validate=\"\" data-key=\"user_password\"  aria-invalid=\"false\" \/>\n\n\t\t\t\t\t\t\t<\/div><\/div><div  id=\"um_field_8442_confirm_user_password\" class=\"um-field um-field-password  um-field-user_password um-field-password um-field-type_password\" data-key=\"confirm_user_password\"><div class=\"um-field-label\"><label for=\"confirm_user_password-8442\">Confirm Palavra-passe<span class=\"um-req\" title=\"Required\">*<\/span><\/label><div class=\"um-clear\"><\/div><\/div><div class=\"um-field-area\"><input class=\"um-form-field valid \" type=\"password\" name=\"confirm_user_password-8442\" id=\"confirm_user_password-8442\" value=\"\" placeholder=\"Confirm Palavra-passe\" data-validate=\"\" data-key=\"confirm_user_password\"  aria-invalid=\"false\" \/><\/div><\/div><\/div><\/div>\n<!-- This file should primarily consist of HTML with a little bit of PHP. -->\n<div class=\"um-field um-field-type_terms_conditions\" data-key=\"use_terms_conditions_agreement\" style=\"display:block;padding:0;\">\n\t<div class=\"um-field-area\">\n\t\t<div class=\"um-gdpr-content\" style=\"display:none;\">\n\t\t\t<p>[et_pb_section][et_pb_row][et_pb_column type=&#8221;4_4&#8243;][et_pb_text]<\/p>\n<h3><strong>Binding Corporate Rules<\/strong><\/h3>\n<p>Las reglas corporativas vinculantes o BCR de HP son un marco de cumplimiento de la privacidad corporativa constituido por un contrato vinculante, procesos y pol\u00edticas comerciales, formaci\u00f3n y directrices que han sido aprobados por las autoridades de protecci\u00f3n de datos de la mayor parte de los estados miembros de la UE. En virtud de esta aprobaci\u00f3n, HP puede transferir los datos personales de sus empleados y clientes europeos a otros miembros (&#8220;Datos personales de HP&#8221;) del grupo global de empresas de HP, en cumplimiento de la ley de protecci\u00f3n de datos de la UE.<\/p>\n<p>Para ver una descripci\u00f3n completa de las reglas corporativas vinculantes o BCR de HP en ingl\u00e9s, haga clic\u00a0<a href=\"https:\/\/www8.hp.com\/uk\/en\/pdf\/privacy\/HPBinding-Corporate-Rules.pdf\" target=\"_blank\" rel=\"noopener noreferrer\">aqu\u00ed<\/a>.<\/p>\n<p>Las BCR de HP forman parte del compromiso total de HP con la protecci\u00f3n de los datos personales y la responsabilidad por cualquier error o uso inapropiado de los datos personales. Si desea obtener informaci\u00f3n adicional sobre las BCR de HP o desea ejercer cualquiera de sus derechos, p\u00f3ngase en contacto con la oficina de privacidad de HP mediante el v\u00ednculo de comentarios sobre la privacidad que figura a continuaci\u00f3n.<\/p>\n<p><a href=\"https:\/\/h41268.www4.hp.com\/live\/index.aspx?qid=3233\" target=\"_blank\" rel=\"noopener noreferrer\">Formulario de comentarios sobre la privacidad<\/a>[\/et_pb_text][\/et_pb_column][\/et_pb_row][\/et_pb_section]<\/p>\n\t\t<\/div>\n\t\t<a href=\"javascript:void(0);\" class=\"um-toggle-gdpr\" data-toggle-state=\"hidden\"\n\t\t\tdata-toggle-show=\"Mostrar pol\u00edtica de privacidade\"\n\t\t\tdata-toggle-hide=\"Ocultar pol\u00edtica de privacidade\">\n\t\t\tMostrar pol\u00edtica de privacidade\t\t<\/a>\n\t<\/div>\n\t<div class=\"um-field-area\">\n\t\t<label class=\"um-field-checkbox\">\n\t\t\t<input type=\"checkbox\" name=\"use_gdpr_agreement\" value=\"1\">\n\t\t\t<span class=\"um-field-checkbox-state\"><i class=\"um-icon-android-checkbox-outline-blank\"><\/i><\/span>\n\t\t\t<span class=\"um-field-checkbox-option\">Concordo com a pol\u00edtica de privacidade<\/span>\n\t\t<\/label>\n\t\t<div class=\"um-clear\"><\/div>\n\t\t\t\t<div class=\"um-clear\"><\/div>\n\t<\/div>\n<\/div>\n\t<input type=\"hidden\" name=\"form_id\" id=\"form_id_8442\" value=\"8442\" \/>\n\t\t<p class=\"um_request_name\">\n\t\t<label for=\"um_request_8442\">Only fill in if you are not human<\/label>\n\t\t<input type=\"hidden\" name=\"um_request\" id=\"um_request_8442\" class=\"input\" value=\"\" size=\"25\" autocomplete=\"off\" \/>\n\t<\/p>\n\t<input type=\"hidden\" id=\"_wpnonce\" name=\"_wpnonce\" value=\"ca23d54c70\" \/><input type=\"hidden\" name=\"_wp_http_referer\" value=\"\/pt-pt\/wp-json\/wp\/v2\/pages\/5349\" \/>\n\t<div class=\"um-col-alt\">\n\n\t\t\n\t\t\t<div class=\"um-left um-half\">\n\t\t\t\t<input type=\"submit\" value=\"Registo\" class=\"um-button\" id=\"um-submit-btn\" \/>\n\t\t\t<\/div>\n\t\t\t<div class=\"um-right um-half\">\n\t\t\t\t<a href=\"https:\/\/yomeformoencasaconhp.es\/pt-pt\/iniciar-sessao\/\" class=\"um-button um-alt\">\n\t\t\t\t\tIniciar sess\u00e3o\t\t\t\t<\/a>\n\t\t\t<\/div>\n\n\t\t\n\t\t<div class=\"um-clear\"><\/div>\n\n\t<\/div>\n\n\t\t\t<\/form>\n\t<\/div>\n<\/div>\n<style>\n\t\t\t.um-8442.um {\n\t\t\tmax-width: 450px;\n\t\t}\n\t\t<\/style>\n\t[\/et_pb_text][\/et_pb_column][\/et_pb_row][\/et_pb_section]<\/p>\n","protected":false},"excerpt":{"rendered":"\n<div class=\"um um-register um-8442\">\n\t<div class=\"um-form\" data-mode=\"register\">\n\t\t<form method=\"post\" action=\"\">\n\t\t\t<div class=\"um-row _um_row_1 \" style=\"margin: 0 0 30px 0;\"><div class=\"um-col-1\"><div  id=\"um_field_8442_user_login\" class=\"um-field um-field-text  um-field-user_login um-field-text um-field-type_text\" data-key=\"user_login\"><div class=\"um-field-label\"><label for=\"user_login-8442\">Nome de usu\u00e1rio<span class=\"um-req\" title=\"Required\">*<\/span><\/label><div class=\"um-clear\"><\/div><\/div><div class=\"um-field-area\"><input  autocomplete=\"off\" class=\"um-form-field valid \" type=\"text\" name=\"user_login-8442\" id=\"user_login-8442\" value=\"\" placeholder=\"\" data-validate=\"unique_username\" data-key=\"user_login\"  aria-invalid=\"false\" \/>\n\n\t\t\t\t\t\t<\/div><\/div><div  id=\"um_field_8442_first_name\" class=\"um-field um-field-text  um-field-first_name um-field-text um-field-type_text\" data-key=\"first_name\"><div class=\"um-field-label\"><label for=\"first_name-8442\">Nome<span class=\"um-req\" title=\"Required\">*<\/span><\/label><div class=\"um-clear\"><\/div><\/div><div class=\"um-field-area\"><input  autocomplete=\"off\" class=\"um-form-field valid \" type=\"text\" name=\"first_name-8442\" id=\"first_name-8442\" value=\"\" placeholder=\"\" data-validate=\"\" data-key=\"first_name\"  aria-invalid=\"false\" \/>\n\n\t\t\t\t\t\t<\/div><\/div><div  id=\"um_field_8442_last_name\" class=\"um-field um-field-text  um-field-last_name um-field-text um-field-type_text\" data-key=\"last_name\"><div class=\"um-field-label\"><label for=\"last_name-8442\">Apelido<span class=\"um-req\" title=\"Required\">*<\/span><\/label><div class=\"um-clear\"><\/div><\/div><div class=\"um-field-area\"><input  autocomplete=\"off\" class=\"um-form-field valid \" type=\"text\" name=\"last_name-8442\" id=\"last_name-8442\" value=\"\" placeholder=\"\" data-validate=\"\" data-key=\"last_name\"  aria-invalid=\"false\" \/>\n\n\t\t\t\t\t\t<\/div><\/div><div  id=\"um_field_8442_user_email\" class=\"um-field um-field-text  um-field-user_email um-field-text um-field-type_text\" data-key=\"user_email\"><div class=\"um-field-label\"><label for=\"user_email-8442\">Endere\u00e7o de correio eletr\u00f3nico profissional<span class=\"um-req\" title=\"Required\">*<\/span><\/label><span class=\"um-tip um-tip-w\" title=\"No est\u00e1n permitidos los registros con cuentas de @gmail, @outlook, @yahoo... Debes usar una cuenta profesional\"><i class=\"um-icon-help-circled\"><\/i><\/span><div class=\"um-clear\"><\/div><\/div><div class=\"um-field-area\"><input  autocomplete=\"off\" class=\"um-form-field valid \" type=\"text\" name=\"user_email-8442\" id=\"user_email-8442\" value=\"\" placeholder=\"\" data-validate=\"unique_email\" data-key=\"user_email\"  aria-invalid=\"false\" \/>\n\n\t\t\t\t\t\t<\/div><\/div><div  id=\"um_field_8442_company\" class=\"um-field um-field-text  um-field-company um-field-text um-field-type_text\" data-key=\"company\"><div class=\"um-field-label\"><label for=\"company-8442\">Empresa<span class=\"um-req\" title=\"Required\">*<\/span><\/label><div class=\"um-clear\"><\/div><\/div><div class=\"um-field-area\"><input  autocomplete=\"off\" class=\"um-form-field valid \" type=\"text\" name=\"company-8442\" id=\"company-8442\" value=\"\" placeholder=\"\" data-validate=\"\" data-key=\"company\"  aria-invalid=\"false\" \/>\n\n\t\t\t\t\t\t<\/div><\/div><div  id=\"um_field_8442_pais\" class=\"um-field um-field-select  um-field-pais um-field-select um-field-type_select\" data-key=\"pais\"><div class=\"um-field-label\"><label for=\"pais-8442\">Pa\u00eds<span class=\"um-req\" title=\"Required\">*<\/span><\/label><div class=\"um-clear\"><\/div><\/div><div class=\"um-field-area  \"><select data-default=\"\"     name=\"pais\" id=\"pais\" data-validate=\"\" data-key=\"pais\" class=\"um-form-field valid um-s1 \" style=\"width: 100%\" data-placeholder=\"Seleccione pa\u00eds\"   aria-invalid=\"false\" ><option value=\"\"><\/option><option value=\"Espa\u00f1a\" >Espa\u00f1a<\/option><option value=\"Portugal\" >Portugal<\/option><\/select><\/div><\/div><div  id=\"um_field_8442_user_password\" class=\"um-field um-field-password  um-field-user_password um-field-password um-field-type_password\" data-key=\"user_password\"><div class=\"um-field-label\"><label for=\"user_password-8442\">Palavra-passe<span class=\"um-req\" title=\"Required\">*<\/span><\/label><span class=\"um-tip um-tip-w\" title=\"A sua palavra-passe deve ter pelo menos 8 caracteres. E conter pelo menos uma letra min\u00fascula, uma letra mai\u00fascula e um n\u00famero.\"><i class=\"um-icon-help-circled\"><\/i><\/span><div class=\"um-clear\"><\/div><\/div><div class=\"um-field-area\"><input class=\"um-form-field valid \" type=\"password\" name=\"user_password-8442\" id=\"user_password-8442\" value=\"\" placeholder=\"\" data-validate=\"\" data-key=\"user_password\"  aria-invalid=\"false\" \/>\n\n\t\t\t\t\t\t\t<\/div><\/div><div  id=\"um_field_8442_confirm_user_password\" class=\"um-field um-field-password  um-field-user_password um-field-password um-field-type_password\" data-key=\"confirm_user_password\"><div class=\"um-field-label\"><label for=\"confirm_user_password-8442\">Confirm Palavra-passe<span class=\"um-req\" title=\"Required\">*<\/span><\/label><div class=\"um-clear\"><\/div><\/div><div class=\"um-field-area\"><input class=\"um-form-field valid \" type=\"password\" name=\"confirm_user_password-8442\" id=\"confirm_user_password-8442\" value=\"\" placeholder=\"Confirm Palavra-passe\" data-validate=\"\" data-key=\"confirm_user_password\"  aria-invalid=\"false\" \/><\/div><\/div><\/div><\/div>\n<!-- This file should primarily consist of HTML with a little bit of PHP. -->\n<div class=\"um-field um-field-type_terms_conditions\" data-key=\"use_terms_conditions_agreement\" style=\"display:block;padding:0;\">\n\t<div class=\"um-field-area\">\n\t\t<div class=\"um-gdpr-content\" style=\"display:none;\">\n\t\t\t<div class=\"et_pb_section et_pb_section_0 et_section_regular\">\n\t\t\t\t\n\t\t\t\t\n\t\t\t\t\n\t\t\t\t\n\t\t\t\t\n\t\t\t\t\n\t\t\t\t<div class=\"et_pb_row et_pb_row_0\">\n\t\t\t\t<div class=\"et_pb_column et_pb_column_4_4 et_pb_column_0  et_pb_css_mix_blend_mode_passthrough et-last-child\">\n\t\t\t\t\n\t\t\t\t\n\t\t\t\t\n\t\t\t\t\n\t\t\t\t<div class=\"et_pb_module et_pb_text et_pb_text_0  et_pb_text_align_left et_pb_bg_layout_light\">\n\t\t\t\t\n\t\t\t\t\n\t\t\t\t\n\t\t\t\t\n\t\t\t\t<div class=\"et_pb_text_inner\"><h3><strong>Binding Corporate Rules<\/strong><\/h3>\n<p>Las reglas corporativas vinculantes o BCR de HP son un marco de cumplimiento de la privacidad corporativa constituido por un contrato vinculante, procesos y pol\u00edticas comerciales, formaci\u00f3n y directrices que han sido aprobados por las autoridades de protecci\u00f3n de datos de la mayor parte de los estados miembros de la UE. En virtud de esta aprobaci\u00f3n, HP puede transferir los datos personales de sus empleados y clientes europeos a otros miembros (&#8220;Datos personales de HP&#8221;) del grupo global de empresas de HP, en cumplimiento de la ley de protecci\u00f3n de datos de la UE.<\/p>\n<p>Para ver una descripci\u00f3n completa de las reglas corporativas vinculantes o BCR de HP en ingl\u00e9s, haga clic\u00a0<a href=\"https:\/\/www8.hp.com\/uk\/en\/pdf\/privacy\/HPBinding-Corporate-Rules.pdf\" target=\"_blank\" rel=\"noopener noreferrer\">aqu\u00ed<\/a>.<\/p>\n<p>Las BCR de HP forman parte del compromiso total de HP con la protecci\u00f3n de los datos personales y la responsabilidad por cualquier error o uso inapropiado de los datos personales. Si desea obtener informaci\u00f3n adicional sobre las BCR de HP o desea ejercer cualquiera de sus derechos, p\u00f3ngase en contacto con la oficina de privacidad de HP mediante el v\u00ednculo de comentarios sobre la privacidad que figura a continuaci\u00f3n.<\/p>\n<p><a href=\"https:\/\/h41268.www4.hp.com\/live\/index.aspx?qid=3233\" target=\"_blank\" rel=\"noopener noreferrer\">Formulario de comentarios sobre la privacidad<\/a><\/div>\n\t\t\t<\/div>\n\t\t\t<\/div>\n\t\t\t\t\n\t\t\t\t\n\t\t\t\t\n\t\t\t\t\n\t\t\t<\/div>\n\t\t\t\t\n\t\t\t\t\n\t\t\t<\/div>\n\t\t<\/div>\n\t\t<a href=\"javascript:void(0);\" class=\"um-toggle-gdpr\" data-toggle-state=\"hidden\"\n\t\t\tdata-toggle-show=\"Mostrar pol\u00edtica de privacidade\"\n\t\t\tdata-toggle-hide=\"Ocultar pol\u00edtica de privacidade\">\n\t\t\tMostrar pol\u00edtica de privacidade\t\t<\/a>\n\t<\/div>\n\t<div class=\"um-field-area\">\n\t\t<label class=\"um-field-checkbox\">\n\t\t\t<input type=\"checkbox\" name=\"use_gdpr_agreement\" value=\"1\">\n\t\t\t<span class=\"um-field-checkbox-state\"><i class=\"um-icon-android-checkbox-outline-blank\"><\/i><\/span>\n\t\t\t<span class=\"um-field-checkbox-option\">Concordo com a pol\u00edtica de privacidade<\/span>\n\t\t<\/label>\n\t\t<div class=\"um-clear\"><\/div>\n\t\t\t\t<div class=\"um-clear\"><\/div>\n\t<\/div>\n<\/div>\n\t<input type=\"hidden\" name=\"form_id\" id=\"form_id_8442\" value=\"8442\" \/>\n\t\t<p class=\"um_request_name\">\n\t\t<label for=\"um_request_8442\">Only fill in if you are not human<\/label>\n\t\t<input type=\"hidden\" name=\"um_request\" id=\"um_request_8442\" class=\"input\" value=\"\" size=\"25\" autocomplete=\"off\" \/>\n\t<\/p>\n\t<input type=\"hidden\" id=\"_wpnonce\" name=\"_wpnonce\" value=\"ca23d54c70\" \/><input type=\"hidden\" name=\"_wp_http_referer\" value=\"\/pt-pt\/wp-json\/wp\/v2\/pages\/5349\" \/>\n\t<div class=\"um-col-alt\">\n\n\t\t\n\t\t\t<div class=\"um-left um-half\">\n\t\t\t\t<input type=\"submit\" value=\"Registo\" class=\"um-button\" id=\"um-submit-btn\" \/>\n\t\t\t<\/div>\n\t\t\t<div class=\"um-right um-half\">\n\t\t\t\t<a href=\"https:\/\/yomeformoencasaconhp.es\/pt-pt\/iniciar-sessao\/\" class=\"um-button um-alt\">\n\t\t\t\t\tIniciar sess\u00e3o\t\t\t\t<\/a>\n\t\t\t<\/div>\n\n\t\t\n\t\t<div class=\"um-clear\"><\/div>\n\n\t<\/div>\n\n\t\t\t<\/form>\n\t<\/div>\n<\/div>\n\n","protected":false},"author":1,"featured_media":0,"parent":0,"menu_order":0,"comment_status":"closed","ping_status":"closed","template":"page-template-blank.php","meta":{"_acf_changed":false,"_et_pb_use_builder":"on","_et_pb_old_content":"","_et_gb_content_width":"","footnotes":""},"class_list":["post-5349","page","type-page","status-publish","hentry"],"acf":[],"_links":{"self":[{"href":"https:\/\/yomeformoencasaconhp.es\/pt-pt\/wp-json\/wp\/v2\/pages\/5349","targetHints":{"allow":["GET"]}}],"collection":[{"href":"https:\/\/yomeformoencasaconhp.es\/pt-pt\/wp-json\/wp\/v2\/pages"}],"about":[{"href":"https:\/\/yomeformoencasaconhp.es\/pt-pt\/wp-json\/wp\/v2\/types\/page"}],"author":[{"embeddable":true,"href":"https:\/\/yomeformoencasaconhp.es\/pt-pt\/wp-json\/wp\/v2\/users\/1"}],"replies":[{"embeddable":true,"href":"https:\/\/yomeformoencasaconhp.es\/pt-pt\/wp-json\/wp\/v2\/comments?post=5349"}],"version-history":[{"count":10,"href":"https:\/\/yomeformoencasaconhp.es\/pt-pt\/wp-json\/wp\/v2\/pages\/5349\/revisions"}],"predecessor-version":[{"id":8961,"href":"https:\/\/yomeformoencasaconhp.es\/pt-pt\/wp-json\/wp\/v2\/pages\/5349\/revisions\/8961"}],"wp:attachment":[{"href":"https:\/\/yomeformoencasaconhp.es\/pt-pt\/wp-json\/wp\/v2\/media?parent=5349"}],"curies":[{"name":"wp","href":"https:\/\/api.w.org\/{rel}","templated":true}]}}